{"id":227,"date":"2026-02-24T14:36:06","date_gmt":"2026-02-24T14:36:06","guid":{"rendered":"https:\/\/test.crechekenzi.com\/?page_id=227"},"modified":"2026-02-24T14:40:29","modified_gmt":"2026-02-24T14:40:29","slug":"nos-actions-sociales-et-societales","status":"publish","type":"page","link":"https:\/\/test.crechekenzi.com\/index.php\/nos-actions-sociales-et-societales\/","title":{"rendered":"Nos actions sociales et soci\u00e9tales"},"content":{"rendered":"\t\t<div data-elementor-type=\"wp-page\" data-elementor-id=\"227\" class=\"elementor elementor-227\">\n\t\t\t\t<div class=\"elementor-element elementor-element-5027588 e-flex e-con-boxed e-con e-parent\" data-id=\"5027588\" data-element_type=\"container\" data-e-type=\"container\" data-settings=\"{&quot;background_background&quot;:&quot;classic&quot;}\">\n\t\t\t\t\t<div class=\"e-con-inner\">\n\t\t\t\t<div class=\"elementor-element elementor-element-8fdd1ec elementor-widget elementor-widget-heading\" data-id=\"8fdd1ec\" data-element_type=\"widget\" data-e-type=\"widget\" data-widget_type=\"heading.default\">\n\t\t\t\t\t<h2 class=\"elementor-heading-title elementor-size-default\">Nos actions sociales et soci\u00e9tales\n<\/h2>\t\t\t\t<\/div>\n\t\t\t\t<div class=\"elementor-element elementor-element-1fafcc4 elementor-widget-divider--view-line elementor-widget elementor-widget-divider\" data-id=\"1fafcc4\" data-element_type=\"widget\" data-e-type=\"widget\" data-widget_type=\"divider.default\">\n\t\t\t\t\t\t\t<div class=\"elementor-divider\">\n\t\t\t<span class=\"elementor-divider-separator\">\n\t\t\t\t\t\t<\/span>\n\t\t<\/div>\n\t\t\t\t\t\t<\/div>\n\t\t\t\t\t<\/div>\n\t\t\t\t<\/div>\n\t\t<div class=\"elementor-element elementor-element-a5eaa13 e-flex e-con-boxed e-con e-parent\" data-id=\"a5eaa13\" data-element_type=\"container\" data-e-type=\"container\">\n\t\t\t\t\t<div class=\"e-con-inner\">\n\t\t<div class=\"elementor-element elementor-element-fd77c3a e-con-full e-flex e-con e-child\" data-id=\"fd77c3a\" data-element_type=\"container\" data-e-type=\"container\">\n\t\t\t\t<div class=\"elementor-element elementor-element-3c97e1b elementor-widget elementor-widget-text-editor\" data-id=\"3c97e1b\" data-element_type=\"widget\" data-e-type=\"widget\" data-widget_type=\"text-editor.default\">\n\t\t\t\t\t\t\t\t\tL\u2019ISC favorise un environnement inclusif, bienveillant et respectueux o\u00f9 chaque \u00e9l\u00e8ve peut trouver sa place.<br>\nNotre engagement envers les \u00e9l\u00e8ves \u00e0 besoins particuliers est central dans notre politique \u00e9ducative.<br> Nous mettons en \u0153uvre les am\u00e9nagements sp\u00e9cifiques pour permettre \u00e0 chaque \u00e9l\u00e8ve de suivre sa scolarit\u00e9.<br>\nNos enseignants sont sensibilis\u00e9s \u00e0 la diff\u00e9renciation p\u00e9dagogique.<br>\nL\u2019ISC a obtenu le label EFE3D niveau 2 en septembre 2024.<br>\nCe label \u00ab \u00c9tablissement Fran\u00e7ais \u00e0 l\u2019\u00c9tranger en D\u00e9marche de D\u00e9veloppement Durable \u00bb t\u00e9moigne de son engagement en faveur des pratiques de durabilit\u00e9 et de la responsabilit\u00e9 sociale.<br>\nSes initiatives \u00e9cologiques et solidaires impliquent \u00e9l\u00e8ves et enseignants dans des projets concrets pour un monde plus durable.\t\t\t\t\t\t\t\t<\/div>\n\t\t\t\t<\/div>\n\t\t<div class=\"elementor-element elementor-element-0a36228 e-con-full e-flex e-con e-child\" data-id=\"0a36228\" data-element_type=\"container\" data-e-type=\"container\">\n\t\t\t\t<div class=\"elementor-element elementor-element-90f2eb9 elementor-widget elementor-widget-image\" data-id=\"90f2eb9\" data-element_type=\"widget\" data-e-type=\"widget\" data-widget_type=\"image.default\">\n\t\t\t\t\t\t\t\t\t\t\t\t\t\t\t<img fetchpriority=\"high\" decoding=\"async\" width=\"1024\" height=\"682\" src=\"https:\/\/test.crechekenzi.com\/wp-content\/uploads\/2026\/02\/social-media-personal-social-networks-2457842-1024x682.png\" class=\"attachment-large size-large wp-image-230\" alt=\"\" srcset=\"https:\/\/test.crechekenzi.com\/wp-content\/uploads\/2026\/02\/social-media-personal-social-networks-2457842-1024x682.png 1024w, https:\/\/test.crechekenzi.com\/wp-content\/uploads\/2026\/02\/social-media-personal-social-networks-2457842-300x200.png 300w, https:\/\/test.crechekenzi.com\/wp-content\/uploads\/2026\/02\/social-media-personal-social-networks-2457842-768x512.png 768w, https:\/\/test.crechekenzi.com\/wp-content\/uploads\/2026\/02\/social-media-personal-social-networks-2457842.png 1280w\" sizes=\"(max-width: 1024px) 100vw, 1024px\" \/>\t\t\t\t\t\t\t\t\t\t\t\t\t\t\t<\/div>\n\t\t\t\t<\/div>\n\t\t\t\t\t<\/div>\n\t\t\t\t<\/div>\n\t\t\t\t<\/div>\n\t\t","protected":false},"excerpt":{"rendered":"<p>Nos actions sociales et soci\u00e9tales L\u2019ISC favorise un environnement inclusif, bienveillant et respectueux o\u00f9 chaque \u00e9l\u00e8ve peut trouver sa place. [&hellip;]<\/p>\n","protected":false},"author":1,"featured_media":0,"parent":0,"menu_order":0,"comment_status":"closed","ping_status":"closed","template":"elementor_header_footer","meta":{"site-sidebar-layout":"no-sidebar","site-content-layout":"","ast-site-content-layout":"full-width-container","site-content-style":"default","site-sidebar-style":"default","ast-global-header-display":"","ast-banner-title-visibility":"","ast-main-header-display":"","ast-hfb-above-header-display":"","ast-hfb-below-header-display":"","ast-hfb-mobile-header-display":"","site-post-title":"disabled","ast-breadcrumbs-content":"","ast-featured-img":"disabled","footer-sml-layout":"","ast-disable-related-posts":"","theme-transparent-header-meta":"","adv-header-id-meta":"","stick-header-meta":"","header-above-stick-meta":"","header-main-stick-meta":"","header-below-stick-meta":"","astra-migrate-meta-layouts":"default","ast-page-background-enabled":"default","ast-page-background-meta":{"desktop":{"background-color":"var(--ast-global-color-5)","background-image":"","background-repeat":"repeat","background-position":"center center","background-size":"auto","background-attachment":"scroll","background-type":"","background-media":"","overlay-type":"","overlay-color":"","overlay-opacity":"","overlay-gradient":""},"tablet":{"background-color":"","background-image":"","background-repeat":"repeat","background-position":"center center","background-size":"auto","background-attachment":"scroll","background-type":"","background-media":"","overlay-type":"","overlay-color":"","overlay-opacity":"","overlay-gradient":""},"mobile":{"background-color":"","background-image":"","background-repeat":"repeat","background-position":"center center","background-size":"auto","background-attachment":"scroll","background-type":"","background-media":"","overlay-type":"","overlay-color":"","overlay-opacity":"","overlay-gradient":""}},"ast-content-background-meta":{"desktop":{"background-color":"var(--ast-global-color-4)","background-image":"","background-repeat":"repeat","background-position":"center center","background-size":"auto","background-attachment":"scroll","background-type":"","background-media":"","overlay-type":"","overlay-color":"","overlay-opacity":"","overlay-gradient":""},"tablet":{"background-color":"var(--ast-global-color-4)","background-image":"","background-repeat":"repeat","background-position":"center center","background-size":"auto","background-attachment":"scroll","background-type":"","background-media":"","overlay-type":"","overlay-color":"","overlay-opacity":"","overlay-gradient":""},"mobile":{"background-color":"var(--ast-global-color-4)","background-image":"","background-repeat":"repeat","background-position":"center center","background-size":"auto","background-attachment":"scroll","background-type":"","background-media":"","overlay-type":"","overlay-color":"","overlay-opacity":"","overlay-gradient":""}},"footnotes":""},"class_list":["post-227","page","type-page","status-publish","hentry"],"_links":{"self":[{"href":"https:\/\/test.crechekenzi.com\/index.php\/wp-json\/wp\/v2\/pages\/227","targetHints":{"allow":["GET"]}}],"collection":[{"href":"https:\/\/test.crechekenzi.com\/index.php\/wp-json\/wp\/v2\/pages"}],"about":[{"href":"https:\/\/test.crechekenzi.com\/index.php\/wp-json\/wp\/v2\/types\/page"}],"author":[{"embeddable":true,"href":"https:\/\/test.crechekenzi.com\/index.php\/wp-json\/wp\/v2\/users\/1"}],"replies":[{"embeddable":true,"href":"https:\/\/test.crechekenzi.com\/index.php\/wp-json\/wp\/v2\/comments?post=227"}],"version-history":[{"count":4,"href":"https:\/\/test.crechekenzi.com\/index.php\/wp-json\/wp\/v2\/pages\/227\/revisions"}],"predecessor-version":[{"id":233,"href":"https:\/\/test.crechekenzi.com\/index.php\/wp-json\/wp\/v2\/pages\/227\/revisions\/233"}],"wp:attachment":[{"href":"https:\/\/test.crechekenzi.com\/index.php\/wp-json\/wp\/v2\/media?parent=227"}],"curies":[{"name":"wp","href":"https:\/\/api.w.org\/{rel}","templated":true}]}}