{"id":182,"date":"2026-02-18T16:07:22","date_gmt":"2026-02-18T16:07:22","guid":{"rendered":"https:\/\/test.crechekenzi.com\/?page_id=182"},"modified":"2026-02-18T16:46:14","modified_gmt":"2026-02-18T16:46:14","slug":"le-mot-de-la-proviseure","status":"publish","type":"page","link":"https:\/\/test.crechekenzi.com\/index.php\/le-mot-de-la-proviseure\/","title":{"rendered":"Le mot de la Proviseure"},"content":{"rendered":"\t\t<div data-elementor-type=\"wp-page\" data-elementor-id=\"182\" class=\"elementor elementor-182\">\n\t\t\t\t<div class=\"elementor-element elementor-element-1b47b6a e-flex e-con-boxed e-con e-parent\" data-id=\"1b47b6a\" data-element_type=\"container\" data-e-type=\"container\" data-settings=\"{&quot;background_background&quot;:&quot;classic&quot;}\">\n\t\t\t\t\t<div class=\"e-con-inner\">\n\t\t\t\t<div class=\"elementor-element elementor-element-ae38a90 elementor-widget elementor-widget-heading\" data-id=\"ae38a90\" data-element_type=\"widget\" data-e-type=\"widget\" data-widget_type=\"heading.default\">\n\t\t\t\t\t<h2 class=\"elementor-heading-title elementor-size-default\">Le mot de la Proviseure\n<\/h2>\t\t\t\t<\/div>\n\t\t\t\t<div class=\"elementor-element elementor-element-14d05b0 elementor-widget-divider--view-line elementor-widget elementor-widget-divider\" data-id=\"14d05b0\" data-element_type=\"widget\" data-e-type=\"widget\" data-widget_type=\"divider.default\">\n\t\t\t\t\t\t\t<div class=\"elementor-divider\">\n\t\t\t<span class=\"elementor-divider-separator\">\n\t\t\t\t\t\t<\/span>\n\t\t<\/div>\n\t\t\t\t\t\t<\/div>\n\t\t\t\t\t<\/div>\n\t\t\t\t<\/div>\n\t\t<div class=\"elementor-element elementor-element-b536d7a e-flex e-con-boxed e-con e-parent\" data-id=\"b536d7a\" data-element_type=\"container\" data-e-type=\"container\">\n\t\t\t\t\t<div class=\"e-con-inner\">\n\t\t<div class=\"elementor-element elementor-element-2bdb14f e-con-full e-flex e-con e-child\" data-id=\"2bdb14f\" data-element_type=\"container\" data-e-type=\"container\">\n\t\t\t\t<div class=\"elementor-element elementor-element-dd43fab elementor-widget elementor-widget-text-editor\" data-id=\"dd43fab\" data-element_type=\"widget\" data-e-type=\"widget\" data-widget_type=\"text-editor.default\">\n\t\t\t\t\t\t\t\t\t<p><strong>Bienvenue \u00e0 l\u2019\u00c9cole Internationale de Carthage !<\/strong><br \/>Plus qu\u2019un \u00e9tablissement scolaire, l\u2019ISC est un lieu de vie et de culture ouvert sur le monde.<br \/>\u00c9cole priv\u00e9e tunisienne appartenant au groupe international HOLGED, expert en \u00e9ducation, l\u2019ISC est homologu\u00e9e par le Minist\u00e8re fran\u00e7ais de l\u2019\u00c9ducation nationale et partenaire du r\u00e9seau AEFE.<br \/>Depuis 17 ans, nous accompagnons nos \u00e9l\u00e8ves sur le chemin de la r\u00e9ussite, en conciliant rigueur, d\u00e9veloppement personnel et plurilinguisme.<br \/>Notre projet \u00e9ducatif affirme l\u2019excellence et l\u2019innovation p\u00e9dagogique dans un cadre multiculturel, accueillant et dynamique.<br \/>Consciente des r\u00e9alit\u00e9s du monde contemporain, l\u2019ISC d\u00e9veloppe une approche plurilingue et scientifique qui donne aux \u00e9l\u00e8ves des comp\u00e9tences de haut niveau, favorisant ainsi leur r\u00e9ussite scolaire, leur adaptabilit\u00e9 et des opportunit\u00e9s de mobilit\u00e9 internationale.<br \/>Si le fran\u00e7ais demeure la langue d\u2019enseignement, l\u2019arabe et l\u2019anglais sont introduits d\u00e8s la petite section. \u00c0 partir de la classe de 5\u00e8me, l\u2019allemand, l\u2019espagnol et l\u2019italien viennent enrichir notre carte des langues.<\/p>\t\t\t\t\t\t\t\t<\/div>\n\t\t\t\t<div class=\"elementor-element elementor-element-b214dda elementor-widget elementor-widget-text-editor\" data-id=\"b214dda\" data-element_type=\"widget\" data-e-type=\"widget\" data-widget_type=\"text-editor.default\">\n\t\t\t\t\t\t\t\t\tAvec pr\u00e8s de 3 000 \u00e9l\u00e8ves,<strong> de la Maternelle \u00e0 la Terminale<\/strong>, notre cit\u00e9 scolaire est un espace vivant o\u00f9 la cr\u00e9ativit\u00e9, l\u2019engagement des \u00e9quipes et le soutien des familles contribuent \u00e0 l\u2019\u00e9panouissement de chacun.<br>\n\u00c0 l\u2019ISC, nous cultivons les talents, encourageons le partage et valorisons la diversit\u00e9, dans un esprit que nous voulons bienveillant et stimulant.<br>\nCette synergie est fond\u00e9e sur des valeurs humanistes avec l\u2019ambition d\u2019offrir \u00e0 chacun les moyens de r\u00e9ussir. <br>Elle a cr\u00e9\u00e9 un esprit d\u2019appartenance \u00e0 l\u2019ISC o\u00f9 \u00e9l\u00e8ves, enseignants et familles avancent ensemble vers un avenir prometteur.<br>\nNous vous souhaitons une agr\u00e9able visite sur notre site web en esp\u00e9rant vous accueillir bient\u00f4t \u00e0 l\u2019\u00c9cole Internationale de Carthage !\t\t\t\t\t\t\t\t<\/div>\n\t\t\t\t<\/div>\n\t\t<div class=\"elementor-element elementor-element-6de9bba e-con-full e-flex e-con e-child\" data-id=\"6de9bba\" data-element_type=\"container\" data-e-type=\"container\">\n\t\t\t\t<div class=\"elementor-element elementor-element-413e382 elementor-widget elementor-widget-image\" data-id=\"413e382\" data-element_type=\"widget\" data-e-type=\"widget\" data-widget_type=\"image.default\">\n\t\t\t\t\t\t\t\t\t\t\t\t\t\t\t<img fetchpriority=\"high\" decoding=\"async\" width=\"1497\" height=\"2048\" src=\"https:\/\/test.crechekenzi.com\/wp-content\/uploads\/2026\/02\/1-2-jpg.webp\" class=\"attachment-2048x2048 size-2048x2048 wp-image-184\" alt=\"\" srcset=\"https:\/\/test.crechekenzi.com\/wp-content\/uploads\/2026\/02\/1-2-jpg.webp 1497w, https:\/\/test.crechekenzi.com\/wp-content\/uploads\/2026\/02\/1-2-jpg-219x300.webp 219w, https:\/\/test.crechekenzi.com\/wp-content\/uploads\/2026\/02\/1-2-jpg-749x1024.webp 749w, https:\/\/test.crechekenzi.com\/wp-content\/uploads\/2026\/02\/1-2-jpg-768x1051.webp 768w, https:\/\/test.crechekenzi.com\/wp-content\/uploads\/2026\/02\/1-2-jpg-1123x1536.webp 1123w\" sizes=\"(max-width: 1497px) 100vw, 1497px\" \/>\t\t\t\t\t\t\t\t\t\t\t\t\t\t\t<\/div>\n\t\t\t\t<div class=\"elementor-element elementor-element-c3826f1 elementor-widget elementor-widget-text-editor\" data-id=\"c3826f1\" data-element_type=\"widget\" data-e-type=\"widget\" data-widget_type=\"text-editor.default\">\n\t\t\t\t\t\t\t\t\t<p>Brigitte Duloisy<\/p>\t\t\t\t\t\t\t\t<\/div>\n\t\t\t\t<\/div>\n\t\t\t\t\t<\/div>\n\t\t\t\t<\/div>\n\t\t\t\t<\/div>\n\t\t","protected":false},"excerpt":{"rendered":"<p>Le mot de la Proviseure Bienvenue \u00e0 l\u2019\u00c9cole Internationale de Carthage !Plus qu\u2019un \u00e9tablissement scolaire, l\u2019ISC est un lieu de [&hellip;]<\/p>\n","protected":false},"author":1,"featured_media":0,"parent":0,"menu_order":0,"comment_status":"closed","ping_status":"closed","template":"","meta":{"site-sidebar-layout":"no-sidebar","site-content-layout":"","ast-site-content-layout":"full-width-container","site-content-style":"default","site-sidebar-style":"default","ast-global-header-display":"","ast-banner-title-visibility":"","ast-main-header-display":"","ast-hfb-above-header-display":"","ast-hfb-below-header-display":"","ast-hfb-mobile-header-display":"","site-post-title":"disabled","ast-breadcrumbs-content":"","ast-featured-img":"disabled","footer-sml-layout":"","ast-disable-related-posts":"","theme-transparent-header-meta":"","adv-header-id-meta":"","stick-header-meta":"","header-above-stick-meta":"","header-main-stick-meta":"","header-below-stick-meta":"","astra-migrate-meta-layouts":"default","ast-page-background-enabled":"default","ast-page-background-meta":{"desktop":{"background-color":"var(--ast-global-color-5)","background-image":"","background-repeat":"repeat","background-position":"center center","background-size":"auto","background-attachment":"scroll","background-type":"","background-media":"","overlay-type":"","overlay-color":"","overlay-opacity":"","overlay-gradient":""},"tablet":{"background-color":"","background-image":"","background-repeat":"repeat","background-position":"center center","background-size":"auto","background-attachment":"scroll","background-type":"","background-media":"","overlay-type":"","overlay-color":"","overlay-opacity":"","overlay-gradient":""},"mobile":{"background-color":"","background-image":"","background-repeat":"repeat","background-position":"center center","background-size":"auto","background-attachment":"scroll","background-type":"","background-media":"","overlay-type":"","overlay-color":"","overlay-opacity":"","overlay-gradient":""}},"ast-content-background-meta":{"desktop":{"background-color":"var(--ast-global-color-4)","background-image":"","background-repeat":"repeat","background-position":"center center","background-size":"auto","background-attachment":"scroll","background-type":"","background-media":"","overlay-type":"","overlay-color":"","overlay-opacity":"","overlay-gradient":""},"tablet":{"background-color":"var(--ast-global-color-4)","background-image":"","background-repeat":"repeat","background-position":"center center","background-size":"auto","background-attachment":"scroll","background-type":"","background-media":"","overlay-type":"","overlay-color":"","overlay-opacity":"","overlay-gradient":""},"mobile":{"background-color":"var(--ast-global-color-4)","background-image":"","background-repeat":"repeat","background-position":"center center","background-size":"auto","background-attachment":"scroll","background-type":"","background-media":"","overlay-type":"","overlay-color":"","overlay-opacity":"","overlay-gradient":""}},"footnotes":""},"class_list":["post-182","page","type-page","status-publish","hentry"],"_links":{"self":[{"href":"https:\/\/test.crechekenzi.com\/index.php\/wp-json\/wp\/v2\/pages\/182","targetHints":{"allow":["GET"]}}],"collection":[{"href":"https:\/\/test.crechekenzi.com\/index.php\/wp-json\/wp\/v2\/pages"}],"about":[{"href":"https:\/\/test.crechekenzi.com\/index.php\/wp-json\/wp\/v2\/types\/page"}],"author":[{"embeddable":true,"href":"https:\/\/test.crechekenzi.com\/index.php\/wp-json\/wp\/v2\/users\/1"}],"replies":[{"embeddable":true,"href":"https:\/\/test.crechekenzi.com\/index.php\/wp-json\/wp\/v2\/comments?post=182"}],"version-history":[{"count":4,"href":"https:\/\/test.crechekenzi.com\/index.php\/wp-json\/wp\/v2\/pages\/182\/revisions"}],"predecessor-version":[{"id":189,"href":"https:\/\/test.crechekenzi.com\/index.php\/wp-json\/wp\/v2\/pages\/182\/revisions\/189"}],"wp:attachment":[{"href":"https:\/\/test.crechekenzi.com\/index.php\/wp-json\/wp\/v2\/media?parent=182"}],"curies":[{"name":"wp","href":"https:\/\/api.w.org\/{rel}","templated":true}]}}